{"id":426,"date":"2016-05-02T10:18:34","date_gmt":"2016-05-02T08:18:34","guid":{"rendered":"http:\/\/alshetgolft.nl\/voorbeeld-pagina\/?lang=de"},"modified":"2020-03-23T15:26:45","modified_gmt":"2020-03-23T14:26:45","slug":"voorbeeld-pagina","status":"publish","type":"page","link":"https:\/\/alshetgolft.nl\/de\/","title":{"rendered":"Home"},"content":{"rendered":"<h2 class=\"title\">An der Stelle, wo drei Wasserwege zusammenfliessen, steht das Bed &amp; Breakfast \u201eAls het golft\u201c stolz am Ufer.<\/h2>\n<p>Fest verwurzelt im Deich bietet dieses elegante Haus am Wasser Ihnen eine wundersch\u00f6ne und komfortable \u00dcbernachtungsm\u00f6glichkeit. Von den stilvoll eingerichteten Zimmern und der Terrasse im Gr\u00fcnen aus haben Sie eine fantastische Aussicht auf die typisch holl\u00e4ndische Polderlandschaft und das Wasser, das immer in Bewegung ist.<\/p>\n","protected":false},"excerpt":{"rendered":"An der Stelle, wo drei Wasserwege zusammenfliessen, steht das Bed &amp; Breakfast \u201eAls het golft\u201c stolz am Ufer. Fest verwurzelt im Deich bietet dieses elegante Haus am Wasser Ihnen eine wundersch\u00f6ne und komfortable \u00dcbernachtungsm\u00f6glichkeit. Von den stilvoll eingerichteten Zimmern und der Terrasse im Gr\u00fcnen aus haben Sie eine fantastische Aussicht auf die typisch holl\u00e4ndische Polderlandschaft&#8230;<a class=\"view-article\" href=\"https:\/\/alshetgolft.nl\/de\/\">Read more<\/a>","protected":false},"author":1,"featured_media":185,"parent":0,"menu_order":0,"comment_status":"closed","ping_status":"open","template":"template-reserveren.php","meta":{"footnotes":""},"class_list":["post-426","page","type-page","status-publish","has-post-thumbnail","hentry","gallery-content-unit"],"yoast_head":"<!-- This site is optimized with the Yoast SEO plugin v27.4 - https:\/\/yoast.com\/product\/yoast-seo-wordpress\/ -->\n<title>Home - Als het golft<\/title>\n<meta name=\"robots\" content=\"index, follow, max-snippet:-1, max-image-preview:large, max-video-preview:-1\" \/>\n<link rel=\"canonical\" href=\"https:\/\/alshetgolft.nl\/de\/\" \/>\n<meta property=\"og:locale\" content=\"de_DE\" \/>\n<meta property=\"og:type\" content=\"article\" \/>\n<meta property=\"og:title\" content=\"Home - Als het golft\" \/>\n<meta property=\"og:description\" content=\"An der Stelle, wo drei Wasserwege zusammenfliessen, steht das Bed &amp; Breakfast \u201eAls het golft\u201c stolz am Ufer. Fest verwurzelt im Deich bietet dieses elegante Haus am Wasser Ihnen eine wundersch\u00f6ne und komfortable \u00dcbernachtungsm\u00f6glichkeit. Von den stilvoll eingerichteten Zimmern und der Terrasse im Gr\u00fcnen aus haben Sie eine fantastische Aussicht auf die typisch holl\u00e4ndische Polderlandschaft...Read more\" \/>\n<meta property=\"og:url\" content=\"https:\/\/alshetgolft.nl\/de\/\" \/>\n<meta property=\"og:site_name\" content=\"Als het golft\" \/>\n<meta property=\"article:modified_time\" content=\"2020-03-23T14:26:45+00:00\" \/>\n<meta property=\"og:image\" content=\"https:\/\/alshetgolft.nl\/wp-content\/uploads\/2016\/05\/wijde-aa-omgeving-home.jpg\" \/>\n\t<meta property=\"og:image:width\" content=\"800\" \/>\n\t<meta property=\"og:image:height\" content=\"600\" \/>\n\t<meta property=\"og:image:type\" content=\"image\/jpeg\" \/>\n<meta name=\"twitter:card\" content=\"summary_large_image\" \/>\n<script type=\"application\/ld+json\" class=\"yoast-schema-graph\">{\"@context\":\"https:\\\/\\\/schema.org\",\"@graph\":[{\"@type\":\"WebPage\",\"@id\":\"https:\\\/\\\/alshetgolft.nl\\\/de\\\/\",\"url\":\"https:\\\/\\\/alshetgolft.nl\\\/de\\\/\",\"name\":\"Home - Als het golft\",\"isPartOf\":{\"@id\":\"https:\\\/\\\/alshetgolft.nl\\\/#website\"},\"primaryImageOfPage\":{\"@id\":\"https:\\\/\\\/alshetgolft.nl\\\/de\\\/#primaryimage\"},\"image\":{\"@id\":\"https:\\\/\\\/alshetgolft.nl\\\/de\\\/#primaryimage\"},\"thumbnailUrl\":\"https:\\\/\\\/alshetgolft.nl\\\/wp-content\\\/uploads\\\/2016\\\/05\\\/wijde-aa-omgeving-home.jpg\",\"datePublished\":\"2016-05-02T08:18:34+00:00\",\"dateModified\":\"2020-03-23T14:26:45+00:00\",\"breadcrumb\":{\"@id\":\"https:\\\/\\\/alshetgolft.nl\\\/de\\\/#breadcrumb\"},\"inLanguage\":\"de-DE\",\"potentialAction\":[{\"@type\":\"ReadAction\",\"target\":[\"https:\\\/\\\/alshetgolft.nl\\\/de\\\/\"]}]},{\"@type\":\"ImageObject\",\"inLanguage\":\"de-DE\",\"@id\":\"https:\\\/\\\/alshetgolft.nl\\\/de\\\/#primaryimage\",\"url\":\"https:\\\/\\\/alshetgolft.nl\\\/wp-content\\\/uploads\\\/2016\\\/05\\\/wijde-aa-omgeving-home.jpg\",\"contentUrl\":\"https:\\\/\\\/alshetgolft.nl\\\/wp-content\\\/uploads\\\/2016\\\/05\\\/wijde-aa-omgeving-home.jpg\",\"width\":800,\"height\":600},{\"@type\":\"BreadcrumbList\",\"@id\":\"https:\\\/\\\/alshetgolft.nl\\\/de\\\/#breadcrumb\",\"itemListElement\":[{\"@type\":\"ListItem\",\"position\":1,\"name\":\"Home\",\"item\":\"https:\\\/\\\/alshetgolft.nl\\\/de\\\/\"},{\"@type\":\"ListItem\",\"position\":2,\"name\":\"Home\"}]},{\"@type\":\"WebSite\",\"@id\":\"https:\\\/\\\/alshetgolft.nl\\\/#website\",\"url\":\"https:\\\/\\\/alshetgolft.nl\\\/\",\"name\":\"Als het golft\",\"description\":\"En nog een WordPress site\",\"potentialAction\":[{\"@type\":\"SearchAction\",\"target\":{\"@type\":\"EntryPoint\",\"urlTemplate\":\"https:\\\/\\\/alshetgolft.nl\\\/?s={search_term_string}\"},\"query-input\":{\"@type\":\"PropertyValueSpecification\",\"valueRequired\":true,\"valueName\":\"search_term_string\"}}],\"inLanguage\":\"de-DE\"}]}<\/script>\n<!-- \/ Yoast SEO plugin. -->","yoast_head_json":{"title":"Home - Als het golft","robots":{"index":"index","follow":"follow","max-snippet":"max-snippet:-1","max-image-preview":"max-image-preview:large","max-video-preview":"max-video-preview:-1"},"canonical":"https:\/\/alshetgolft.nl\/de\/","og_locale":"de_DE","og_type":"article","og_title":"Home - Als het golft","og_description":"An der Stelle, wo drei Wasserwege zusammenfliessen, steht das Bed &amp; Breakfast \u201eAls het golft\u201c stolz am Ufer. Fest verwurzelt im Deich bietet dieses elegante Haus am Wasser Ihnen eine wundersch\u00f6ne und komfortable \u00dcbernachtungsm\u00f6glichkeit. Von den stilvoll eingerichteten Zimmern und der Terrasse im Gr\u00fcnen aus haben Sie eine fantastische Aussicht auf die typisch holl\u00e4ndische Polderlandschaft...Read more","og_url":"https:\/\/alshetgolft.nl\/de\/","og_site_name":"Als het golft","article_modified_time":"2020-03-23T14:26:45+00:00","og_image":[{"width":800,"height":600,"url":"https:\/\/alshetgolft.nl\/wp-content\/uploads\/2016\/05\/wijde-aa-omgeving-home.jpg","type":"image\/jpeg"}],"twitter_card":"summary_large_image","schema":{"@context":"https:\/\/schema.org","@graph":[{"@type":"WebPage","@id":"https:\/\/alshetgolft.nl\/de\/","url":"https:\/\/alshetgolft.nl\/de\/","name":"Home - Als het golft","isPartOf":{"@id":"https:\/\/alshetgolft.nl\/#website"},"primaryImageOfPage":{"@id":"https:\/\/alshetgolft.nl\/de\/#primaryimage"},"image":{"@id":"https:\/\/alshetgolft.nl\/de\/#primaryimage"},"thumbnailUrl":"https:\/\/alshetgolft.nl\/wp-content\/uploads\/2016\/05\/wijde-aa-omgeving-home.jpg","datePublished":"2016-05-02T08:18:34+00:00","dateModified":"2020-03-23T14:26:45+00:00","breadcrumb":{"@id":"https:\/\/alshetgolft.nl\/de\/#breadcrumb"},"inLanguage":"de-DE","potentialAction":[{"@type":"ReadAction","target":["https:\/\/alshetgolft.nl\/de\/"]}]},{"@type":"ImageObject","inLanguage":"de-DE","@id":"https:\/\/alshetgolft.nl\/de\/#primaryimage","url":"https:\/\/alshetgolft.nl\/wp-content\/uploads\/2016\/05\/wijde-aa-omgeving-home.jpg","contentUrl":"https:\/\/alshetgolft.nl\/wp-content\/uploads\/2016\/05\/wijde-aa-omgeving-home.jpg","width":800,"height":600},{"@type":"BreadcrumbList","@id":"https:\/\/alshetgolft.nl\/de\/#breadcrumb","itemListElement":[{"@type":"ListItem","position":1,"name":"Home","item":"https:\/\/alshetgolft.nl\/de\/"},{"@type":"ListItem","position":2,"name":"Home"}]},{"@type":"WebSite","@id":"https:\/\/alshetgolft.nl\/#website","url":"https:\/\/alshetgolft.nl\/","name":"Als het golft","description":"En nog een WordPress site","potentialAction":[{"@type":"SearchAction","target":{"@type":"EntryPoint","urlTemplate":"https:\/\/alshetgolft.nl\/?s={search_term_string}"},"query-input":{"@type":"PropertyValueSpecification","valueRequired":true,"valueName":"search_term_string"}}],"inLanguage":"de-DE"}]}},"acf":[],"_links":{"self":[{"href":"https:\/\/alshetgolft.nl\/de\/wp-json\/wp\/v2\/pages\/426","targetHints":{"allow":["GET"]}}],"collection":[{"href":"https:\/\/alshetgolft.nl\/de\/wp-json\/wp\/v2\/pages"}],"about":[{"href":"https:\/\/alshetgolft.nl\/de\/wp-json\/wp\/v2\/types\/page"}],"author":[{"embeddable":true,"href":"https:\/\/alshetgolft.nl\/de\/wp-json\/wp\/v2\/users\/1"}],"replies":[{"embeddable":true,"href":"https:\/\/alshetgolft.nl\/de\/wp-json\/wp\/v2\/comments?post=426"}],"version-history":[{"count":3,"href":"https:\/\/alshetgolft.nl\/de\/wp-json\/wp\/v2\/pages\/426\/revisions"}],"predecessor-version":[{"id":653,"href":"https:\/\/alshetgolft.nl\/de\/wp-json\/wp\/v2\/pages\/426\/revisions\/653"}],"wp:featuredmedia":[{"embeddable":true,"href":"https:\/\/alshetgolft.nl\/de\/wp-json\/wp\/v2\/media\/185"}],"wp:attachment":[{"href":"https:\/\/alshetgolft.nl\/de\/wp-json\/wp\/v2\/media?parent=426"}],"curies":[{"name":"wp","href":"https:\/\/api.w.org\/{rel}","templated":true}]}}